{"id":119,"date":"2018-01-31T13:14:12","date_gmt":"2018-01-31T13:14:12","guid":{"rendered":"https:\/\/wplive.site\/wp\/md\/optima\/?page_id=119"},"modified":"2025-08-22T14:33:01","modified_gmt":"2025-08-22T14:33:01","slug":"about-us","status":"publish","type":"page","link":"https:\/\/ulashome.pl\/?page_id=119","title":{"rendered":"Przestrze\u0144"},"content":{"rendered":"<div class=\"wpb-content-wrapper\">[vc_row css=&#8221;.vc_custom_1519114576947{padding-left: 30px !important;}&#8221;][vc_column width=&#8221;1\/2&#8243; css=&#8221;.vc_custom_1519114592014{padding-left: 30px !important;}&#8221;][vc_custom_heading text=&#8221;DOM TRENINGOWY&#8221; font_container=&#8221;tag:h2|font_size:14|text_align:left|color:%235c656d|line_height:1.5&#8243; google_fonts=&#8221;font_family:Lato%3A100%2C100italic%2C300%2C300italic%2Cregular%2Citalic%2C700%2C700italic%2C900%2C900italic|font_style:700%20bold%20regular%3A700%3Anormal&#8221;][vc_empty_space height=&#8221;1.8vh&#8221;][vc_custom_heading text=&#8221;Przestrze\u0144 w r\u0119kach architekta wn\u0119trz&#8221; google_fonts=&#8221;font_family:Lato%3A100%2C100italic%2C300%2C300italic%2Cregular%2Citalic%2C700%2C700italic%2C900%2C900italic|font_style:300%20light%20regular%3A300%3Anormal&#8221; css=&#8221;&#8221;][vc_empty_space height=&#8221;2.1vh&#8221;][vc_separator color=&#8221;custom&#8221; align=&#8221;align_left&#8221; el_width=&#8221;75px&#8221; accent_color=&#8221;#d9e0e4&#8243;][vc_empty_space height=&#8221;2.1vh&#8221;][gt3_custom_text text_color=&#8221;#5c656d&#8221; font_size=&#8221;18&#8243; line_height=&#8221;165&#8243; use_theme_fonts=&#8221;&#8221; google_fonts_text=&#8221;font_family:Lato%3A100%2C100italic%2C300%2C300italic%2Cregular%2Citalic%2C700%2C700italic%2C900%2C900italic|font_style:300%20light%20regular%3A300%3Anormal&#8221;]Dysponuj\u0119 powierzchni\u0105 rozwoju 160 m2 na szkolenia mi\u0119kkie i twarde dla 12 os\u00f3b + 2 osoby prowadz\u0105cy i asystent z pe\u0142nym zakwaterowaniem BB (Bed&amp;Breakfast).<br \/>\nSala szkoleniowa ma powierzchni\u0119 35 m2 z du\u017cym zewn\u0119trznym tarasem i ogrodem. W domu jest te\u017c kuchnia z zapleczem i jadalni\u0105.<br \/>\nDodatkowo w <strong>Ula\u2019s Home &#8211; Hypno Workshop &amp; Training<\/strong> znajduj\u0105 si\u0119 3 gabinety do wynaj\u0119cia do pracy 1 na 1 w procesach coachingowych i hipnoterapeutycznych.<br \/>\n<strong>Nocleg i parking:<\/strong><br \/>\nPrzyje\u017cd\u017caj\u0105c na szkolenie mo\u017cesz zosta\u0107, aby odpocz\u0105\u0107 zregenerowa\u0107 si\u0142y przed kolejnym dniem pracy.<br \/>\nDo dyspozycji jest parking dla 14 uczestnik\u00f3w szkolenia.<br \/>\n<strong>Pokoje:<\/strong><br \/>\nPokoje: 3 &#8211; dwuosobowe (6 os\u00f3b)<br \/>\nPokoje: 3 \u2013 trzyosobowe (9 os\u00f3b)[\/gt3_custom_text][vc_empty_space height=&#8221;3.1vh&#8221;][vc_empty_space height=&#8221;2vh&#8221;][\/vc_column][vc_column width=&#8221;1\/2&#8243; el_class=&#8221;gt3_custom_shadow&#8221;][vc_single_image image=&#8221;1963&#8243; img_size=&#8221;full&#8221;][\/vc_column][\/vc_row]\n<\/div>","protected":false},"excerpt":{"rendered":"<p>[vc_row css=&#8221;.vc_custom_1519114576947{padding-left: 30px !important;}&#8221;][vc_column width=&#8221;1\/2&#8243; css=&#8221;.vc_custom_1519114592014{padding-left: 30px !important;}&#8221;][vc_custom_heading text=&#8221;DOM TRENINGOWY&#8221; font_container=&#8221;tag:h2|font_size:14|text_align:left|color:%235c656d|line_height:1.5&#8243; google_fonts=&#8221;font_family:Lato%3A100%2C100italic%2C300%2C300italic%2Cregular%2Citalic%2C700%2C700italic%2C900%2C900italic|font_style:700%20bold%20regular%3A700%3Anormal&#8221;][vc_empty_space height=&#8221;1.8vh&#8221;][vc_custom_heading text=&#8221;Przestrze\u0144 w r\u0119kach architekta wn\u0119trz&#8221; google_fonts=&#8221;font_family:Lato%3A100%2C100italic%2C300%2C300italic%2Cregular%2Citalic%2C700%2C700italic%2C900%2C900italic|font_style:300%20light%20regular%3A300%3Anormal&#8221; css=&#8221;&#8221;][vc_empty_space height=&#8221;2.1vh&#8221;][vc_separator color=&#8221;custom&#8221; align=&#8221;align_left&#8221; el_width=&#8221;75px&#8221; accent_color=&#8221;#d9e0e4&#8243;][vc_empty_space height=&#8221;2.1vh&#8221;][gt3_custom_text text_color=&#8221;#5c656d&#8221; font_size=&#8221;18&#8243; line_height=&#8221;165&#8243; use_theme_fonts=&#8221;&#8221; google_fonts_text=&#8221;font_family:Lato%3A100%2C100italic%2C300%2C300italic%2Cregular%2Citalic%2C700%2C700italic%2C900%2C900italic|font_style:300%20light%20regular%3A300%3Anormal&#8221;]Dysponuj\u0119 powierzchni\u0105 rozwoju 160 m2 na szkolenia mi\u0119kkie i twarde dla 12 os\u00f3b + 2 osoby prowadz\u0105cy i asystent z pe\u0142nym zakwaterowaniem BB (Bed&amp;Breakfast). Sala [&hellip;]<\/p>\n","protected":false},"author":3,"featured_media":0,"parent":0,"menu_order":0,"comment_status":"closed","ping_status":"closed","template":"","meta":{"footnotes":""},"class_list":["post-119","page","type-page","status-publish","hentry"],"jetpack_sharing_enabled":true,"_links":{"self":[{"href":"https:\/\/ulashome.pl\/index.php?rest_route=\/wp\/v2\/pages\/119","targetHints":{"allow":["GET"]}}],"collection":[{"href":"https:\/\/ulashome.pl\/index.php?rest_route=\/wp\/v2\/pages"}],"about":[{"href":"https:\/\/ulashome.pl\/index.php?rest_route=\/wp\/v2\/types\/page"}],"author":[{"embeddable":true,"href":"https:\/\/ulashome.pl\/index.php?rest_route=\/wp\/v2\/users\/3"}],"replies":[{"embeddable":true,"href":"https:\/\/ulashome.pl\/index.php?rest_route=%2Fwp%2Fv2%2Fcomments&post=119"}],"version-history":[{"count":18,"href":"https:\/\/ulashome.pl\/index.php?rest_route=\/wp\/v2\/pages\/119\/revisions"}],"predecessor-version":[{"id":2034,"href":"https:\/\/ulashome.pl\/index.php?rest_route=\/wp\/v2\/pages\/119\/revisions\/2034"}],"wp:attachment":[{"href":"https:\/\/ulashome.pl\/index.php?rest_route=%2Fwp%2Fv2%2Fmedia&parent=119"}],"curies":[{"name":"wp","href":"https:\/\/api.w.org\/{rel}","templated":true}]}}