{"id":122,"date":"2018-01-31T13:16:09","date_gmt":"2018-01-31T13:16:09","guid":{"rendered":"https:\/\/wplive.site\/wp\/md\/optima\/?page_id=122"},"modified":"2022-07-15T12:16:36","modified_gmt":"2022-07-15T12:16:36","slug":"about-me","status":"publish","type":"page","link":"https:\/\/ulashome.pl\/?page_id=122","title":{"rendered":"O mnie"},"content":{"rendered":"<div class=\"wpb-content-wrapper\">[vc_row][vc_column width=&#8221;1\/2&#8243;][vc_custom_heading text=&#8221;Finansista, Certyfikowany Coach, Hipnoterapeuta, Mentor, Trener Zmiany&#8221; font_container=&#8221;tag:h2|font_size:14|text_align:center&#8221; google_fonts=&#8221;font_family:Lato%3A100%2C100italic%2C300%2C300italic%2Cregular%2Citalic%2C700%2C700italic%2C900%2C900italic|font_style:700%20bold%20regular%3A700%3Anormal&#8221;][vc_custom_heading text=&#8221;Urszula Graczyk&#8221; font_container=&#8221;tag:h2|font_size:36|text_align:center|color:%2342474c|line_height:1.5&#8243; google_fonts=&#8221;font_family:Lato%3A100%2C100italic%2C300%2C300italic%2Cregular%2Citalic%2C700%2C700italic%2C900%2C900italic|font_style:300%20light%20regular%3A300%3Anormal&#8221;][gt3_spacing height=&#8221;17px&#8221;][vc_separator color=&#8221;custom&#8221; el_width=&#8221;75px&#8221; accent_color=&#8221;#d9e0e4&#8243;][gt3_custom_text text_color=&#8221;#727e85&#8243; font_size=&#8221;18&#8243; line_height=&#8221;160&#8243; use_theme_fonts=&#8221;&#8221; google_fonts_text=&#8221;font_family:Lato%3A100%2C100italic%2C300%2C300italic%2Cregular%2Citalic%2C700%2C700italic%2C900%2C900italic|font_style:300%20light%20regular%3A300%3Anormal&#8221;]Jestem tw\u00f3rc\u0105 i w\u0142a\u015bcicielk\u0105 przestrzeni rozwojowej Ula&#8217;s Home Hypno, Workshop &amp; Training &#8211; Warsztaty, Coaching, Dom Otwarty.<\/p>\n<p><a href=\"https:\/\/polskiinstytuthipnozy.pl\/project\/urszula-graczyk\/\">Certyfikowany Hipnoterapeuta i cz\u0142onek w Polskim Instytucie Hipnozy<\/a>, Certyfikowany Coach NOVO, Mentor, Trener Zmiany. W trakcie akredytacji ICF (na poziomie ACC).<\/p>\n<p><strong>Specjalizuj\u0119 si\u0119 w coachingu relacji<\/strong>. Pomagam ludziom stawa\u0107 si\u0119 lepszymi w ka\u017cdej dziedzinie ich \u017cycia. Wspieram r\u00f3wnie\u017c w rozwoju manager\u00f3w, a w moim rozwojowym, otwartym domu mile widziani s\u0105 wszyscy, kt\u00f3rzy potrzebuj\u0105 pomocy.<\/p>\n<p><strong>Pracuj\u0119 w oparciu o nast\u0119puj\u0105ce podej\u015bcia:<\/strong><\/p>\n<ul>\n<li>w coachingu \u2013 coaching indywidualny, grupowy i zespo\u0142owy, model GROW, NOVO, Gestalt, podej\u015bcie poznawczo-behawioralne;<\/li>\n<li>w hipnozie \u2013 praca z pod\u015bwiadomo\u015bci\u0105 w stanie relaksu (hipnoza ericksonowska).<\/li>\n<\/ul>\n<p><strong>Przygotowanie merytoryczne:<\/strong><\/p>\n<ul>\n<li>Wy\u017csza Szko\u0142a Bankowa, Studia Podyplomowe: Psychologia Zarz\u0105dzania (2015-2016)<\/li>\n<li>Wy\u017csza Szko\u0142a Bankowa, Studia Podyplomowe: Coaching, specjalizacja: Coaching Managerski (2016-2017)<\/li>\n<li>Akademia Leona Ko\u017ami\u0144skiego w Warszawie: Studia Podyplomowe: LeaderSHE (2018-2019)<\/li>\n<li>Psychologia Przyw\u00f3dztwa (Lead Train Inspire), Psychologia Marketingu (Behavioriks), Psychologia Zmiany (Coach, Mentor, Consult), Psychologia Sprzeda\u017cy (Master Sales), Psychologia Interdyscyplinarna NLP zorganizowane przez Starway Institut, Mateusz Grzesiak ( 2016-2018)<\/li>\n<li>Coach Biznesu, Trener Zmiany, Coaching Grupowy i Zespo\u0142owy, Pracownia Novo Micha\u0142 Bloch, Rafa\u0142 Szewczak (2017-2019)<\/li>\n<li>ThetaHealing DNA Podstawowy \u201eOtw\u00f3rz drzwi do swojej przysz\u0142o\u015bci\u201d zorganizowany przez Ew\u0119 Wagner wg. metody Vianny Stibal (2018)<\/li>\n<li>Deeper Energy dr. Iliany Ramirez (2016)<\/li>\n<li>The Path of Intuition dr. Iliana Ramirez (2019)<\/li>\n<li>Ceryfikowany Kurs Praktyka Soul Body Fusion\u00ae organizowany przez FreeME Ma\u0142gorzata Leszczy\u0144ska (2019)<\/li>\n<\/ul>\n[\/gt3_custom_text][gt3_custom_text text_color=&#8221;#42474c&#8221; font_size=&#8221;16&#8243; use_theme_fonts=&#8221;&#8221; google_fonts_text=&#8221;font_family:Lato%3A100%2C100italic%2C300%2C300italic%2Cregular%2Citalic%2C700%2C700italic%2C900%2C900italic|font_style:400%20regular%3A400%3Anormal&#8221;]\n<p style=\"text-align: right;\">Urszula Graczyk<span style=\"color: #5c656d;\"><\/span><\/p>\n[\/gt3_custom_text][gt3_custom_text text_color=&#8221;#42474c&#8221; font_size=&#8221;16&#8243; use_theme_fonts=&#8221;&#8221; google_fonts_text=&#8221;font_family:Lato%3A100%2C100italic%2C300%2C300italic%2Cregular%2Citalic%2C700%2C700italic%2C900%2C900italic|font_style:300%20light%20regular%3A300%3Anormal&#8221;]\n<p style=\"text-align: right;\"><span>Hipnoterapeuta, Coach, Trener<\/span><\/p>\n[\/gt3_custom_text][gt3_spacing height=&#8221;30px&#8221;][\/vc_column][vc_column width=&#8221;1\/2&#8243;][vc_single_image image=&#8221;1965&#8243; img_size=&#8221;full&#8221;][vc_empty_space height=&#8221;5vh&#8221;][vc_column_text][\/vc_column_text][gt3_custom_text text_color=&#8221;#42474c&#8221; font_size=&#8221;18&#8243; use_theme_fonts=&#8221;&#8221; google_fonts_text=&#8221;font_family:Lato%3A100%2C100italic%2C300%2C300italic%2Cregular%2Citalic%2C700%2C700italic%2C900%2C900italic|font_style:400%20regular%3A400%3Anormal&#8221;]\n<p style=\"text-align: center;\">Um\u00f3w si\u0119 na spotkanie<\/p>\n[\/gt3_custom_text][gt3_custom_text text_color=&#8221;#727e85&#8243; font_size=&#8221;30&#8243; responsive_font=&#8221;true&#8221; font_size_mobile=&#8221;18&#8243;]\n<p style=\"text-align: center;\"><span style=\"color: #c1cf55;\">telefon: +48 518 024 084<\/span><\/p>\n<p style=\"text-align: center;\"><span style=\"color: #c1cf55;\"><a href=\"https:\/\/ulashome.pl\/?page_id=84\" style=\"color: #c1cf55;\">system rezerwacji<\/a><\/span><\/p>\n[\/gt3_custom_text][\/vc_column][\/vc_row][vc_row][vc_column][gt3_custom_text text_color=&#8221;#5c656d&#8221; font_size=&#8221;16&#8243;][\/gt3_custom_text][vc_empty_space][\/vc_column][vc_column][gt3_custom_text text_color=&#8221;#5c656d&#8221; font_size=&#8221;16&#8243;][\/gt3_custom_text][\/vc_column][vc_column][gt3_custom_text text_color=&#8221;#5c656d&#8221; font_size=&#8221;16&#8243;][\/gt3_custom_text][\/vc_column][\/vc_row]\n<\/div>","protected":false},"excerpt":{"rendered":"<p>[vc_row][vc_column width=&#8221;1\/2&#8243;][vc_custom_heading text=&#8221;Finansista, Certyfikowany Coach, Hipnoterapeuta, Mentor, Trener Zmiany&#8221; font_container=&#8221;tag:h2|font_size:14|text_align:center&#8221; google_fonts=&#8221;font_family:Lato%3A100%2C100italic%2C300%2C300italic%2Cregular%2Citalic%2C700%2C700italic%2C900%2C900italic|font_style:700%20bold%20regular%3A700%3Anormal&#8221;][vc_custom_heading text=&#8221;Urszula Graczyk&#8221; font_container=&#8221;tag:h2|font_size:36|text_align:center|color:%2342474c|line_height:1.5&#8243; google_fonts=&#8221;font_family:Lato%3A100%2C100italic%2C300%2C300italic%2Cregular%2Citalic%2C700%2C700italic%2C900%2C900italic|font_style:300%20light%20regular%3A300%3Anormal&#8221;][gt3_spacing height=&#8221;17px&#8221;][vc_separator color=&#8221;custom&#8221; el_width=&#8221;75px&#8221; accent_color=&#8221;#d9e0e4&#8243;][gt3_custom_text text_color=&#8221;#727e85&#8243; font_size=&#8221;18&#8243; line_height=&#8221;160&#8243; use_theme_fonts=&#8221;&#8221; google_fonts_text=&#8221;font_family:Lato%3A100%2C100italic%2C300%2C300italic%2Cregular%2Citalic%2C700%2C700italic%2C900%2C900italic|font_style:300%20light%20regular%3A300%3Anormal&#8221;]Jestem tw\u00f3rc\u0105 i w\u0142a\u015bcicielk\u0105 przestrzeni rozwojowej Ula&#8217;s Home Hypno, Workshop &amp; Training &#8211; Warsztaty, Coaching, Dom Otwarty. Certyfikowany Hipnoterapeuta i cz\u0142onek w Polskim Instytucie Hipnozy, Certyfikowany Coach NOVO, Mentor, Trener Zmiany. W [&hellip;]<\/p>\n","protected":false},"author":3,"featured_media":0,"parent":0,"menu_order":0,"comment_status":"closed","ping_status":"closed","template":"","meta":{"footnotes":""},"class_list":["post-122","page","type-page","status-publish","hentry"],"jetpack_sharing_enabled":true,"_links":{"self":[{"href":"https:\/\/ulashome.pl\/index.php?rest_route=\/wp\/v2\/pages\/122","targetHints":{"allow":["GET"]}}],"collection":[{"href":"https:\/\/ulashome.pl\/index.php?rest_route=\/wp\/v2\/pages"}],"about":[{"href":"https:\/\/ulashome.pl\/index.php?rest_route=\/wp\/v2\/types\/page"}],"author":[{"embeddable":true,"href":"https:\/\/ulashome.pl\/index.php?rest_route=\/wp\/v2\/users\/3"}],"replies":[{"embeddable":true,"href":"https:\/\/ulashome.pl\/index.php?rest_route=%2Fwp%2Fv2%2Fcomments&post=122"}],"version-history":[{"count":22,"href":"https:\/\/ulashome.pl\/index.php?rest_route=\/wp\/v2\/pages\/122\/revisions"}],"predecessor-version":[{"id":1968,"href":"https:\/\/ulashome.pl\/index.php?rest_route=\/wp\/v2\/pages\/122\/revisions\/1968"}],"wp:attachment":[{"href":"https:\/\/ulashome.pl\/index.php?rest_route=%2Fwp%2Fv2%2Fmedia&parent=122"}],"curies":[{"name":"wp","href":"https:\/\/api.w.org\/{rel}","templated":true}]}}