{"id":1899,"date":"2020-03-27T20:46:29","date_gmt":"2020-03-27T20:46:29","guid":{"rendered":"https:\/\/ulashome.pl\/?page_id=1899"},"modified":"2020-03-30T19:10:45","modified_gmt":"2020-03-30T19:10:45","slug":"referencje","status":"publish","type":"page","link":"https:\/\/ulashome.pl\/?page_id=1899","title":{"rendered":"Certyfikaty i Referencje"},"content":{"rendered":"<div class=\"wpb-content-wrapper\">[vc_row][vc_column][vc_custom_heading text=&#8221;Certyfikaty&#8221; use_theme_fonts=&#8221;yes&#8221;][vc_column_text]\r\n<p>Certyfikaty po\u015bwiadczaj\u0105ce moje wykszta\u0142cenie i wiedz\u0119.<\/p>\r\n<div id=\"gt3pg_gallery1\" class=\"gt3pg_galleryid-1899 gt3pg_gallery-columns-5 gt3pg_photo_gallery gt3pg-corner-type-rounded gt3pg_hover-default gt3pg-type-square\" data-size=\"thumbnail\" data-type=\"square\" data-corner=\"rounded\" data-link=\"file\" data-margin=\"84\" data-instance=\"1\"><dl class=\"gt3pg_gallery-item gt3pg_element\"><div class=\"gt3pg_item_main_wrapper\"><div class=\"gt3pg_item-wrapper\"><a href=\"https:\/\/ulashome.pl\/wp-content\/uploads\/2020\/03\/15-768x1086.jpg\" class=\"gt3pg_swipebox \" data-description=\"\"><div class=\"gt3pg_img_wrap portrait\" style=\"background-image: url(https:\/\/ulashome.pl\/wp-content\/uploads\/2020\/03\/15-768x1086.jpg);\" data-width=\"827\" data-height=\"1169\" data-i=\"1\" >\r\n<img decoding=\"async\" src=\"https:\/\/ulashome.pl\/wp-content\/uploads\/2020\/03\/15-768x1086.jpg\" title=\"15\" alt=\"\" \/>\r\n<\/div><\/a>\n<\/div>\n <\/div><\/dl>\n<dl class=\"gt3pg_gallery-item gt3pg_element\"><div class=\"gt3pg_item_main_wrapper\"><div class=\"gt3pg_item-wrapper\"><a href=\"https:\/\/ulashome.pl\/wp-content\/uploads\/2020\/03\/1-768x1086.jpg\" class=\"gt3pg_swipebox \" data-description=\"\"><div class=\"gt3pg_img_wrap portrait\" style=\"background-image: url(https:\/\/ulashome.pl\/wp-content\/uploads\/2020\/03\/1-768x1086.jpg);\" data-width=\"827\" data-height=\"1169\" data-i=\"2\" >\r\n<img decoding=\"async\" src=\"https:\/\/ulashome.pl\/wp-content\/uploads\/2020\/03\/1-768x1086.jpg\" title=\"1\" alt=\"\" \/>\r\n<\/div><\/a>\n<\/div>\n <\/div><\/dl>\n<dl class=\"gt3pg_gallery-item gt3pg_element\"><div class=\"gt3pg_item_main_wrapper\"><div class=\"gt3pg_item-wrapper\"><a href=\"https:\/\/ulashome.pl\/wp-content\/uploads\/2020\/03\/2-1-768x1086.jpg\" class=\"gt3pg_swipebox \" data-description=\"\"><div class=\"gt3pg_img_wrap portrait\" style=\"background-image: url(https:\/\/ulashome.pl\/wp-content\/uploads\/2020\/03\/2-1-768x1086.jpg);\" data-width=\"827\" data-height=\"1169\" data-i=\"3\" >\r\n<img decoding=\"async\" src=\"https:\/\/ulashome.pl\/wp-content\/uploads\/2020\/03\/2-1-768x1086.jpg\" title=\"2\" alt=\"\" \/>\r\n<\/div><\/a>\n<\/div>\n <\/div><\/dl>\n<dl class=\"gt3pg_gallery-item gt3pg_element\"><div class=\"gt3pg_item_main_wrapper\"><div class=\"gt3pg_item-wrapper\"><a href=\"https:\/\/ulashome.pl\/wp-content\/uploads\/2020\/03\/3-768x543.jpg\" class=\"gt3pg_swipebox \" data-description=\"\"><div class=\"gt3pg_img_wrap landscape\" style=\"background-image: url(https:\/\/ulashome.pl\/wp-content\/uploads\/2020\/03\/3-768x543.jpg);\" data-width=\"1169\" data-height=\"827\" data-i=\"4\" >\r\n<img decoding=\"async\" src=\"https:\/\/ulashome.pl\/wp-content\/uploads\/2020\/03\/3-768x543.jpg\" title=\"3\" alt=\"\" \/>\r\n<\/div><\/a>\n<\/div>\n <\/div><\/dl>\n<dl class=\"gt3pg_gallery-item gt3pg_element\"><div class=\"gt3pg_item_main_wrapper\"><div class=\"gt3pg_item-wrapper\"><a href=\"https:\/\/ulashome.pl\/wp-content\/uploads\/2020\/03\/4-768x543.jpg\" class=\"gt3pg_swipebox \" data-description=\"\"><div class=\"gt3pg_img_wrap landscape\" style=\"background-image: url(https:\/\/ulashome.pl\/wp-content\/uploads\/2020\/03\/4-768x543.jpg);\" data-width=\"1169\" data-height=\"827\" data-i=\"5\" >\r\n<img decoding=\"async\" src=\"https:\/\/ulashome.pl\/wp-content\/uploads\/2020\/03\/4-768x543.jpg\" title=\"4\" alt=\"\" \/>\r\n<\/div><\/a>\n<\/div>\n <\/div><\/dl>\n<dl class=\"gt3pg_gallery-item gt3pg_element\"><div class=\"gt3pg_item_main_wrapper\"><div class=\"gt3pg_item-wrapper\"><a href=\"https:\/\/ulashome.pl\/wp-content\/uploads\/2020\/03\/5-768x1086.jpg\" class=\"gt3pg_swipebox \" data-description=\"\"><div class=\"gt3pg_img_wrap portrait\" style=\"background-image: url(https:\/\/ulashome.pl\/wp-content\/uploads\/2020\/03\/5-768x1086.jpg);\" data-width=\"827\" data-height=\"1169\" data-i=\"6\" >\r\n<img decoding=\"async\" src=\"https:\/\/ulashome.pl\/wp-content\/uploads\/2020\/03\/5-768x1086.jpg\" title=\"5\" alt=\"\" \/>\r\n<\/div><\/a>\n<\/div>\n <\/div><\/dl>\n<dl class=\"gt3pg_gallery-item gt3pg_element\"><div class=\"gt3pg_item_main_wrapper\"><div class=\"gt3pg_item-wrapper\"><a href=\"https:\/\/ulashome.pl\/wp-content\/uploads\/2020\/03\/6-768x1086.jpg\" class=\"gt3pg_swipebox \" data-description=\"\"><div class=\"gt3pg_img_wrap portrait\" style=\"background-image: url(https:\/\/ulashome.pl\/wp-content\/uploads\/2020\/03\/6-768x1086.jpg);\" data-width=\"827\" data-height=\"1169\" data-i=\"7\" >\r\n<img decoding=\"async\" src=\"https:\/\/ulashome.pl\/wp-content\/uploads\/2020\/03\/6-768x1086.jpg\" title=\"6\" alt=\"\" \/>\r\n<\/div><\/a>\n<\/div>\n <\/div><\/dl>\n<dl class=\"gt3pg_gallery-item gt3pg_element\"><div class=\"gt3pg_item_main_wrapper\"><div class=\"gt3pg_item-wrapper\"><a href=\"https:\/\/ulashome.pl\/wp-content\/uploads\/2020\/03\/7-768x543.jpg\" class=\"gt3pg_swipebox \" data-description=\"\"><div class=\"gt3pg_img_wrap landscape\" style=\"background-image: url(https:\/\/ulashome.pl\/wp-content\/uploads\/2020\/03\/7-768x543.jpg);\" data-width=\"1169\" data-height=\"827\" data-i=\"8\" >\r\n<img decoding=\"async\" src=\"https:\/\/ulashome.pl\/wp-content\/uploads\/2020\/03\/7-768x543.jpg\" title=\"7\" alt=\"\" \/>\r\n<\/div><\/a>\n<\/div>\n <\/div><\/dl>\n<dl class=\"gt3pg_gallery-item gt3pg_element\"><div class=\"gt3pg_item_main_wrapper\"><div class=\"gt3pg_item-wrapper\"><a href=\"https:\/\/ulashome.pl\/wp-content\/uploads\/2020\/03\/8-768x1086.jpg\" class=\"gt3pg_swipebox \" data-description=\"\"><div class=\"gt3pg_img_wrap portrait\" style=\"background-image: url(https:\/\/ulashome.pl\/wp-content\/uploads\/2020\/03\/8-768x1086.jpg);\" data-width=\"827\" data-height=\"1169\" data-i=\"9\" >\r\n<img decoding=\"async\" src=\"https:\/\/ulashome.pl\/wp-content\/uploads\/2020\/03\/8-768x1086.jpg\" title=\"8\" alt=\"\" \/>\r\n<\/div><\/a>\n<\/div>\n <\/div><\/dl>\n<dl class=\"gt3pg_gallery-item gt3pg_element\"><div class=\"gt3pg_item_main_wrapper\"><div class=\"gt3pg_item-wrapper\"><a href=\"https:\/\/ulashome.pl\/wp-content\/uploads\/2020\/03\/9-768x543.jpg\" class=\"gt3pg_swipebox \" data-description=\"\"><div class=\"gt3pg_img_wrap landscape\" style=\"background-image: url(https:\/\/ulashome.pl\/wp-content\/uploads\/2020\/03\/9-768x543.jpg);\" data-width=\"1169\" data-height=\"827\" data-i=\"10\" >\r\n<img decoding=\"async\" src=\"https:\/\/ulashome.pl\/wp-content\/uploads\/2020\/03\/9-768x543.jpg\" title=\"9\" alt=\"\" \/>\r\n<\/div><\/a>\n<\/div>\n <\/div><\/dl>\n<dl class=\"gt3pg_gallery-item gt3pg_element\"><div class=\"gt3pg_item_main_wrapper\"><div class=\"gt3pg_item-wrapper\"><a href=\"https:\/\/ulashome.pl\/wp-content\/uploads\/2020\/03\/10-768x543.jpg\" class=\"gt3pg_swipebox \" data-description=\"\"><div class=\"gt3pg_img_wrap landscape\" style=\"background-image: url(https:\/\/ulashome.pl\/wp-content\/uploads\/2020\/03\/10-768x543.jpg);\" data-width=\"1169\" data-height=\"827\" data-i=\"11\" >\r\n<img decoding=\"async\" src=\"https:\/\/ulashome.pl\/wp-content\/uploads\/2020\/03\/10-768x543.jpg\" title=\"10\" alt=\"\" \/>\r\n<\/div><\/a>\n<\/div>\n <\/div><\/dl>\n<dl class=\"gt3pg_gallery-item gt3pg_element\"><div class=\"gt3pg_item_main_wrapper\"><div class=\"gt3pg_item-wrapper\"><a href=\"https:\/\/ulashome.pl\/wp-content\/uploads\/2020\/03\/11-768x1086.jpg\" class=\"gt3pg_swipebox \" data-description=\"\"><div class=\"gt3pg_img_wrap portrait\" style=\"background-image: url(https:\/\/ulashome.pl\/wp-content\/uploads\/2020\/03\/11-768x1086.jpg);\" data-width=\"827\" data-height=\"1169\" data-i=\"12\" >\r\n<img decoding=\"async\" src=\"https:\/\/ulashome.pl\/wp-content\/uploads\/2020\/03\/11-768x1086.jpg\" title=\"11\" alt=\"\" \/>\r\n<\/div><\/a>\n<\/div>\n <\/div><\/dl>\n<dl class=\"gt3pg_gallery-item gt3pg_element\"><div class=\"gt3pg_item_main_wrapper\"><div class=\"gt3pg_item-wrapper\"><a href=\"https:\/\/ulashome.pl\/wp-content\/uploads\/2020\/03\/12-768x1086.jpg\" class=\"gt3pg_swipebox \" data-description=\"\"><div class=\"gt3pg_img_wrap portrait\" style=\"background-image: url(https:\/\/ulashome.pl\/wp-content\/uploads\/2020\/03\/12-768x1086.jpg);\" data-width=\"827\" data-height=\"1169\" data-i=\"13\" >\r\n<img decoding=\"async\" src=\"https:\/\/ulashome.pl\/wp-content\/uploads\/2020\/03\/12-768x1086.jpg\" title=\"12\" alt=\"\" \/>\r\n<\/div><\/a>\n<\/div>\n <\/div><\/dl>\n<dl class=\"gt3pg_gallery-item gt3pg_element\"><div class=\"gt3pg_item_main_wrapper\"><div class=\"gt3pg_item-wrapper\"><a href=\"https:\/\/ulashome.pl\/wp-content\/uploads\/2020\/03\/13-768x1086.jpg\" class=\"gt3pg_swipebox \" data-description=\"\"><div class=\"gt3pg_img_wrap portrait\" style=\"background-image: url(https:\/\/ulashome.pl\/wp-content\/uploads\/2020\/03\/13-768x1086.jpg);\" data-width=\"827\" data-height=\"1169\" data-i=\"14\" >\r\n<img decoding=\"async\" src=\"https:\/\/ulashome.pl\/wp-content\/uploads\/2020\/03\/13-768x1086.jpg\" title=\"13\" alt=\"\" \/>\r\n<\/div><\/a>\n<\/div>\n <\/div><\/dl>\n<dl class=\"gt3pg_gallery-item gt3pg_element\"><div class=\"gt3pg_item_main_wrapper\"><div class=\"gt3pg_item-wrapper\"><a href=\"https:\/\/ulashome.pl\/wp-content\/uploads\/2020\/03\/14-768x1086.jpg\" class=\"gt3pg_swipebox \" data-description=\"\"><div class=\"gt3pg_img_wrap portrait\" style=\"background-image: url(https:\/\/ulashome.pl\/wp-content\/uploads\/2020\/03\/14-768x1086.jpg);\" data-width=\"827\" data-height=\"1169\" data-i=\"15\" >\r\n<img decoding=\"async\" src=\"https:\/\/ulashome.pl\/wp-content\/uploads\/2020\/03\/14-768x1086.jpg\" title=\"14\" alt=\"\" \/>\r\n<\/div><\/a>\n<\/div>\n <\/div><\/dl>\n<\/div>\n <style type='text\/css'>\r\n\t\t\t#gt3pg_gallery1 .gt3pg_item_main_wrapper {\r\n\t\t\t\tpadding: 40px\r\n\t\t\t}\r\n\t\t\t\r\n\t\t#gt3pg_gallery1 .gt3pg_item-wrapper {\r\n\t\t  border: 2px solid #c1cf55;\r\n\t\t  padding: 0px;\r\n\t\t}\r\n\t\t#gt3pg_gallery1 .gt3pg_gallery-item .gt3pg_item-wrapper:after {\r\n\t\t    top: 0px;\r\n\t\t    bottom: 0px;\r\n\t\t    left: 0px;\r\n\t\t    right: 0px; \r\n\t\t}\r\n\t\t\r\n\t\t#gt3pg_gallery1.gt3pg_photo_gallery.gt3pg-corner-type-rounded .gt3pg_item-wrapper{\r\n\t\t\tborder-radius: 7px;\r\n\t\t\t-moz-border-radius: 7px;\r\n\t\t\t-webkit-border-radius: 7px;\r\n\t\t}\r\n\t\t\r\n\t\t#gt3pg_gallery1.gt3pg_photo_gallery.gt3pg-corner-type-rounded .gt3pg_item-wrapper {\r\n\t\t\tborder-radius: 7px;\r\n\t\t\t-moz-border-radius: 7px;\r\n\t\t\t-webkit-border-radius: 7px;\r\n\t\t}\r\n\r\n        \r\n\t\t\t            #gt3pg_gallery1 dt.gt3pg_gallery-icon {\r\n\t\t\t            border-color: #c1cf55;\r\n\t\t\t        }<\/style>\n\t\t\r\n[\/vc_column_text][\/vc_column][\/vc_row][vc_row][vc_column][vc_custom_heading text=&#8221;Referencje&#8221; font_container=&#8221;tag:h3|text_align:left&#8221; use_theme_fonts=&#8221;yes&#8221;][vc_column_text]\r\n<p>Referencje moich klient\u00f3w potwierdzaj\u0105 moje kompetencje i profesjonalizm.<!-- \/wp:post-content --><\/p>\r\n<!-- wp:paragraph -->\r\n<div id=\"gt3pg_gallery2\" class=\"gt3pg_galleryid-1899 gt3pg_gallery-columns-3 gt3pg_photo_gallery gt3pg-corner-type-rounded gt3pg_hover-default gt3pg-type-square\" data-size=\"thumbnail\" data-type=\"square\" data-corner=\"rounded\" data-link=\"lightbox\" data-margin=\"84\" data-instance=\"2\"><dl class=\"gt3pg_gallery-item gt3pg_element\"><div class=\"gt3pg_item_main_wrapper\"><div class=\"gt3pg_item-wrapper\"><a href=\"https:\/\/ulashome.pl\/wp-content\/uploads\/2020\/03\/2-768x1086.jpg\" class=\"gt3pg_swipebox \" data-description=\"\"><div class=\"gt3pg_img_wrap portrait\" style=\"background-image: url(https:\/\/ulashome.pl\/wp-content\/uploads\/2020\/03\/2-768x1086.jpg);\" data-width=\"827\" data-height=\"1169\" data-i=\"1\" >\r\n<img decoding=\"async\" src=\"https:\/\/ulashome.pl\/wp-content\/uploads\/2020\/03\/2-768x1086.jpg\" title=\"2\" alt=\"\" \/>\r\n<\/div><\/a>\n<\/div>\n<dd class=\"gt3pg_caption_text\" id=\"gt3pg_gallery2-caption-1906\">Referencja 1<\/dd><\/div><\/dl>\n<dl class=\"gt3pg_gallery-item gt3pg_element\"><div class=\"gt3pg_item_main_wrapper\"><div class=\"gt3pg_item-wrapper\"><a href=\"https:\/\/ulashome.pl\/wp-content\/uploads\/2020\/03\/Referencja1-768x1086.jpg\" class=\"gt3pg_swipebox \" data-description=\"\"><div class=\"gt3pg_img_wrap portrait\" style=\"background-image: url(https:\/\/ulashome.pl\/wp-content\/uploads\/2020\/03\/Referencja1-768x1086.jpg);\" data-width=\"827\" data-height=\"1169\" data-i=\"2\" >\r\n<img decoding=\"async\" src=\"https:\/\/ulashome.pl\/wp-content\/uploads\/2020\/03\/Referencja1-768x1086.jpg\" title=\"Referencja1\" alt=\"\" \/>\r\n<\/div><\/a>\n<\/div>\n<dd class=\"gt3pg_caption_text\" id=\"gt3pg_gallery2-caption-1908\">Referencja 2<\/dd><\/div><\/dl>\n<\/div>\n <style type='text\/css'>\r\n\t\t\t#gt3pg_gallery2 .gt3pg_item_main_wrapper {\r\n\t\t\t\tpadding: 40px\r\n\t\t\t}\r\n\t\t\t\r\n\t\t#gt3pg_gallery2 .gt3pg_item-wrapper {\r\n\t\t  border: 2px solid #c1cf55;\r\n\t\t  padding: 0px;\r\n\t\t}\r\n\t\t#gt3pg_gallery2 .gt3pg_gallery-item .gt3pg_item-wrapper:after {\r\n\t\t    top: 0px;\r\n\t\t    bottom: 0px;\r\n\t\t    left: 0px;\r\n\t\t    right: 0px; \r\n\t\t}\r\n\t\t\r\n\t\t#gt3pg_gallery2.gt3pg_photo_gallery.gt3pg-corner-type-rounded .gt3pg_item-wrapper{\r\n\t\t\tborder-radius: 7px;\r\n\t\t\t-moz-border-radius: 7px;\r\n\t\t\t-webkit-border-radius: 7px;\r\n\t\t}\r\n\t\t\r\n\t\t#gt3pg_gallery2.gt3pg_photo_gallery.gt3pg-corner-type-rounded .gt3pg_item-wrapper {\r\n\t\t\tborder-radius: 7px;\r\n\t\t\t-moz-border-radius: 7px;\r\n\t\t\t-webkit-border-radius: 7px;\r\n\t\t}\r\n\r\n        \r\n\t\t\t            #gt3pg_gallery2 dt.gt3pg_gallery-icon {\r\n\t\t\t            border-color: #c1cf55;\r\n\t\t\t        }<\/style>\n\t\t\r\n<p><!-- \/wp:paragraph -->[\/vc_column_text][\/vc_column][\/vc_row]<\/div>","protected":false},"excerpt":{"rendered":"<p>[vc_row][vc_column][vc_custom_heading text=&#8221;Certyfikaty&#8221; use_theme_fonts=&#8221;yes&#8221;][vc_column_text] Certyfikaty po\u015bwiadczaj\u0105ce moje wykszta\u0142cenie i wiedz\u0119. [\/vc_column_text][\/vc_column][\/vc_row][vc_row][vc_column][vc_custom_heading text=&#8221;Referencje&#8221; font_container=&#8221;tag:h3|text_align:left&#8221; use_theme_fonts=&#8221;yes&#8221;][vc_column_text] Referencje moich klient\u00f3w potwierdzaj\u0105 moje kompetencje i profesjonalizm. [\/vc_column_text][\/vc_column][\/vc_row]<\/p>\n","protected":false},"author":3,"featured_media":0,"parent":0,"menu_order":0,"comment_status":"closed","ping_status":"closed","template":"","meta":{"footnotes":""},"class_list":["post-1899","page","type-page","status-publish","hentry"],"jetpack_sharing_enabled":true,"_links":{"self":[{"href":"https:\/\/ulashome.pl\/index.php?rest_route=\/wp\/v2\/pages\/1899","targetHints":{"allow":["GET"]}}],"collection":[{"href":"https:\/\/ulashome.pl\/index.php?rest_route=\/wp\/v2\/pages"}],"about":[{"href":"https:\/\/ulashome.pl\/index.php?rest_route=\/wp\/v2\/types\/page"}],"author":[{"embeddable":true,"href":"https:\/\/ulashome.pl\/index.php?rest_route=\/wp\/v2\/users\/3"}],"replies":[{"embeddable":true,"href":"https:\/\/ulashome.pl\/index.php?rest_route=%2Fwp%2Fv2%2Fcomments&post=1899"}],"version-history":[{"count":11,"href":"https:\/\/ulashome.pl\/index.php?rest_route=\/wp\/v2\/pages\/1899\/revisions"}],"predecessor-version":[{"id":1940,"href":"https:\/\/ulashome.pl\/index.php?rest_route=\/wp\/v2\/pages\/1899\/revisions\/1940"}],"wp:attachment":[{"href":"https:\/\/ulashome.pl\/index.php?rest_route=%2Fwp%2Fv2%2Fmedia&parent=1899"}],"curies":[{"name":"wp","href":"https:\/\/api.w.org\/{rel}","templated":true}]}}