{"id":3,"date":"2020-01-16T21:59:13","date_gmt":"2020-01-16T21:59:13","guid":{"rendered":"https:\/\/ulashome.pl\/?page_id=3"},"modified":"2023-10-02T17:57:14","modified_gmt":"2023-10-02T17:57:14","slug":"privacy-policy","status":"publish","type":"page","link":"https:\/\/ulashome.pl\/?page_id=3","title":{"rendered":"Polityka prywatno\u015bci"},"content":{"rendered":"<div class=\"wpb-content-wrapper\">[vc_row][vc_column][vc_column_text]\n<h2 class=\"has-text-color wp-block-heading\" style=\"color: #525c42;\">Kim jeste\u015bmy<\/h2>\n\n\n<h4 class=\"has-text-color wp-block-heading\" style=\"color: #525c42;\"><strong>Administrator danych<\/strong><\/h4>\n\n<p>Strona: <a href=\"https:\/\/ulashome.pl\">https:\/\/ulashome.pl<\/a><br \/>Siedziby:ul. Kaliska 63, 99-400 \u0141owicz .<\/p>\n\n<p>Administratorem danych, czyli podmiotem decyduj\u0105cym o tym, w jakim celu oraz w jaki spos\u00f3b b\u0119d\u0105 przetwarzane Twoje dane jest Ula\u2019s Home HypnoWorkshop &amp; Training z siedzib\u0105 \u0141owiczu, ul. Kaliska 63;<\/p>\n\n\n<h4 class=\"has-text-color wp-block-heading\" style=\"color: #525c42;\"><strong>Koordynator ochrony danych<\/strong><\/h4>\n\n<p>Koordynator ochrony danych to osoba, z<br \/>kt\u00f3r\u0105 mo\u017cesz si\u0119 skontaktowa\u0107 maj\u0105c pytania lub w\u0105tpliwo\u015bci w zakresie<br \/>przetwarzania Twoich danych przez ulashome.pl. Mo\u017cesz to uczyni\u0107 na dwa sposoby:<\/p>\n\n\n<ul class=\"wp-block-list\">\n<li>poprzez wiadomo\u015b\u0107 e-mail: biuro@ulashome.pl<\/li>\n<li>tradycyjnie: Ula\u2019s Home HypnoWorkshop &amp; Training, ul. Kaliska 63, 99-400 \u0141owicz<\/li>\n<\/ul>\n\n\n<h2 class=\"has-text-color wp-block-heading\" style=\"color: #525c42;\">Informacje wst\u0119pne<\/h2>\n\n<p>Witryna <a href=\"https:\/\/ulashome.pl\">Ulashome.pl<\/a> dba o prawo<br \/>u\u017cytkownik\u00f3w strony do prywatno\u015bci, przywi\u0105zuj\u0105c szczeg\u00f3ln\u0105 wag\u0119 do ochrony ich<br \/>danych osobowych. Jest to mo\u017cliwe dzi\u0119ki odpowiednim rozwi\u0105zaniom systemowym<br \/>zapobiegaj\u0105cym wszelkiej ingerencji os\u00f3b trzecich w prywatno\u015b\u0107 u\u017cytkownik\u00f3w<br \/>strony.<\/p>\n\n<p>Przegl\u0105daj\u0105c ofert\u0119 b\u0105d\u017a szukaj\u0105c informacji na stronie Ulashome.pl, jednocze\u015bnie akceptujesz zasady zawarte w Polityce Prywatno\u015bci znajduj\u0105cej si\u0119 na niniejszej stronie.<\/p>\n\n<p>Ula\u2019s Home HypnoWorkshop &amp; Training jako w\u0142a\u015bciciel strony Ulashome.pl, zastrzega sobie prawo do dokonywania zmian w Polityce Prywatno\u015bci. Wprowadzenie zmian nie wp\u0142ywa jednak na zasad\u0119: nie sprzedajemy i nie udost\u0119pniamy osobom trzecim danych personalnych czy adresowych u\u017cytkownik\u00f3w strony.<\/p>\n\n\n\n<h2 class=\"has-text-color wp-block-heading\" style=\"color: #525c42;\">Jakie dane zbieramy i dlaczego je zbieramy<\/h2>\n\n\n<h4 class=\"has-text-color wp-block-heading\" style=\"color: #525c42;\"><strong>Komentarze<\/strong><\/h4>\n\n<p>Go\u015bcie odwiedzaj\u0105cy nas na stronie mog\u0105 zostawia\u0107 komentarze pod artyku\u0142ami i postami. Zbieramy dane poprzez formularz, adres IP oraz dane przegl\u0105darki, aby wykrywa\u0107 spam.<\/p>\n\n<p>Anonimowy ci\u0105g utworzony z Twojego adresu e-mail mo\u017ce zosta\u0107 przekazany do us\u0142ugi Gravatar, aby sprawdzi\u0107 czy go u\u017cywasz. Polityka prywatno\u015bci us\u0142ugi Gravatar jest dost\u0119pna tutaj: <a href=\"https:\/\/automattic.com\/privacy\/\">https:\/\/automattic.com\/privacy\/<\/a>. Po zatwierdzeniu komentarza Twoje zdj\u0119cie profilowe jest widoczne publicznie w kontek\u015bcie Twojego komentarza.<\/p>\n\n\n<h4 class=\"has-text-color wp-block-heading\" style=\"color: #525c42;\"><strong>Cookies \/ Ciasteczka<\/strong><\/h4>\n\n<p>Je\u015bli zostawisz komentarz na naszej stronie, Twoje imi\u0119 i nazwisko, adres e-mail i strona internetowa zostanie zachowana w plikach cookie. Jest to dla Twojej wygody, aby\u015b nie musia\u0142 ich ponownie wpisywa\u0107, gdy b\u0119dziesz wpisywa\u0107 kolejny komentarz. Pliki cookie s\u0105 utrzymywane przez rok.<\/p>\n\n<p>Je\u015bli korzystasz z naszego konta i zalogujesz si\u0119 na naszej stronie, zostanie ustawiony tymczasowy plik cookie, aby sprawdzi\u0107, czy Twoja przegl\u0105darka akceptuje pliki cookie. Ten plik cookie nie zawiera danych osobowych i jest usuwany po zamkni\u0119ciu przegl\u0105darki..<\/p>\n\n<p>W trakcie logowania zostanie skonfigurowanych kilka dodatkowych plik\u00f3w cookie, celem zapisania danych logowania i okre\u015blenia opcji wy\u015bwietlania ekranu. Pliki te s\u0105 utrzymywane przez 1 rok. Je\u015bli wybierzesz opcj\u0119 &#8220;pami\u0119taj mnie&#8221;, to Tw\u00f3j login zostanie zapami\u0119tany na 2 tygodnie. Je \u017celi wylogujesz si\u0119 ze swojego konta, to pliki cookie s\u0142u\u017c\u0105ce do logowania zostan\u0105 usuni\u0119te.<\/p>\n\n<p>Je\u017celi publikujesz lub zmieniasz artyku\u0142 \/ post, to w przegl\u0105darce zostanie zapisany dodatkowy plik cookie. Plik ten nie zawiera danych osobowych, wskazuje jedynie identyfikator wpisu edytowanego artyku\u0142u. Wygasa on po 1 dniu.<\/p>\n\n\n<h4 class=\"has-text-color wp-block-heading\" style=\"color: #525c42;\"><strong>Tre\u015bci osadzone z innych stron<\/strong><\/h4>\n\n<p>Artyku\u0142y na tej stronie mog\u0105 zawiera\u0107 tre\u015bci (filmy, obrazy, artyku\u0142y), kt\u00f3re b\u0119d\u0105 osadzone z innych stron internetowych. Zachowuj\u0105 si\u0119 one tak samo jak na stronach \u017ar\u00f3d\u0142owych.<\/p>\n\n<p> Staramy si\u0119 unika\u0107 takich sytuacji, nie mniej, witryny te (\u017ar\u00f3d\u0142owe) mog\u0105 gromadzi\u0107 dane o Tobie, wykorzystywa\u0107 pliki cookie, osadza\u0107 dodatkowe \u015bledzenie stron trzecich i monitorowa\u0107 Twoj\u0105 interakcj\u0119 z tymi osadzonymi tre\u015bciami, w tym \u015bledzenie interakcji z osadzonymi tre\u015bciami, je\u015bli masz konto i jeste\u015b zalogowany na tej stronie.<\/p>\n\n\n\n<h3 class=\"wp-block-heading\">Analityka<\/h3>\n\n\n<ul class=\"wp-block-list\">\n<li>Witryna Ulashome.pl zbiera i przetwarza dane osobowe na podstawie\u00a0art.\u00a06 ust. 1 lit. a oraz b, art. 9 lit. a oraz h, og\u00f3lnego rozporz\u0105dzenia wy\u0142\u0105cznie w zakresie niezb\u0119dnym do prawid\u0142owej realizacji us\u0142ug.<\/li>\n<li>Odbiorcami danych Uczestnika b\u0119d\u0105 pracownicy i wsp\u00f3\u0142pracownicy Administratora oraz podmioty, kt\u00f3rym Administrator mo\u017ce powierzy\u0107 dzia\u0142ania wynikaj\u0105ce z realizacji cel\u00f3w wymienionych w pkt. 2, na podstawie umowy powierzenia przetwarzania.<\/li>\n<li>Dane osobowe nie b\u0119d\u0105 przekazywane do pa\u0144stwa trzeciego ani organizacji mi\u0119dzynarodowej.<\/li>\n<li>Dane osobowe b\u0119d\u0105 przechowywane przez okresy wynikaj\u0105ce z przepis\u00f3w prawa.<\/li>\n<li>Posiada Pan\/Pani prawo do:\n<ul>\n<li>\u017c\u0105dania od Administratora dost\u0119pu do swoich danych osobowych, ich sprostowania lub ograniczenia przetwarzania danych osobowych oraz powiadomienia odbiorc\u00f3w danych o sprostowaniu lub usuni\u0119ciu danych osobowych lub ograniczeniu przetwarzania;<\/li>\n<li>wniesienia sprzeciwu wobec przetwarzania;<\/li>\n<li>przenoszenia danych osobowych;<\/li>\n<li>otrzymywania kopii danych osobowych podlegaj\u0105cych przetwarzaniu;<\/li>\n<li>wniesienia skargi do organu nadzorczego tj. Prezesa Urz\u0119du Ochrony Danych Osobowych.<\/li>\n<\/ul>\n<\/li>\n<li>Podanie danych osobowych jest dobrowolne, na podstawie Pa\u0144stwa zgody;<\/li>\n<\/ul>\n\n\n<h2 class=\"has-text-color wp-block-heading\" style=\"color: #525c42;\">Zgoda na przetwarzanie danych osobowych<\/h2>\n\n<p>Korzystaj\u0105c ze strony ulashome.p oraz Ula&#8217;s Home HypnoWorkshop &amp; Training:<\/p>\n\n<p>Wyra\u017cam zgod\u0119 na przetwarzanie danych<br \/>osobowych zawartych powy\u017cej dla potrzeb niezb\u0119dnych do realizacji us\u0142ug<br \/>oferowanych przez Ula\u2019s Home HypnoWorkshop &amp; Training, ul. Kaliska 63, 99-400 \u0141owicz, zgodnie z Rozporz\u0105dzeniem Parlamentu<br \/>Europejskiego i Rady (UE) 2016\/679 z dnia 27.04.2016r. w sprawie ochrony os\u00f3b<br \/>fizycznych w zwi\u0105zku z przetwarzaniem danych osobowych i swobodnego przep\u0142ywu<br \/>takich danych oraz uchylenia dyrektywy 95\/46\/WE \u2013 og\u00f3lne rozporz\u0105dzenie o ochronie<br \/>danych \u201eRODO\u201d.<\/p>\n\n<p>Jednocze\u015bnie przyjmuj\u0119 do wiadomo\u015bci, \u017ce:<\/p>\n\n<p>dane osobowe podaj\u0119 dobrowolnie i o\u015bwiadczam, \u017ce zapozna\u0142em\/am si\u0119 z<br \/>tre\u015bci\u0105 klauzuli obowi\u0105zku informacyjnego, w tym r\u00f3wnie\u017c z informacj\u0105 o celach<br \/>i sposobach przetwarzania danych osobowych oraz prawie dost\u0119pu do tre\u015bci swoich<br \/>danych i prawie ich poprawiania.<\/p>\n\n<p>Ponadto zosta\u0142em\/am poinformowany, \u017ce:<\/p>\n\n<p>niniejsza zgoda mo\u017ce zosta\u0107 cofni\u0119ta w dowolnym momencie poprzez z\u0142o\u017cenie o\u015bwiadczenia w tej samej formie, w jakiej zgoda zosta\u0142a wyra\u017cona. Wycofanie zgody b\u0119dzie r\u00f3wnoznaczne z brakiem mo\u017cliwo\u015bci korzystania z us\u0142ug oferowanych Ula&#8217;s Home HypnoWorkshop &amp; Training. Wycofanie zgody nie wp\u0142ywa na zgodno\u015b\u0107 z prawem przetwarzania, kt\u00f3rego dokonano na podstawie zgody przed jej wycofaniem.<\/p>\n\n<p>Dane osobowe przetwarzane s\u0105 na podstawie niniejszej zgody.<\/p>\n\n<p>&nbsp;<\/p>\n[\/vc_column_text][\/vc_column][\/vc_row]\n<\/div>","protected":false},"excerpt":{"rendered":"<p>[vc_row][vc_column][vc_column_text] Kim jeste\u015bmy Administrator danych Strona: https:\/\/ulashome.plSiedziby:ul. Kaliska 63, 99-400 \u0141owicz . Administratorem danych, czyli podmiotem decyduj\u0105cym o tym, w jakim celu oraz w jaki spos\u00f3b b\u0119d\u0105 przetwarzane Twoje dane jest Ula\u2019s Home HypnoWorkshop &amp; Training z siedzib\u0105 \u0141owiczu, ul. Kaliska 63; Koordynator ochrony danych Koordynator ochrony danych to osoba, zkt\u00f3r\u0105 mo\u017cesz si\u0119 skontaktowa\u0107 maj\u0105c [&hellip;]<\/p>\n","protected":false},"author":3,"featured_media":0,"parent":0,"menu_order":0,"comment_status":"closed","ping_status":"closed","template":"","meta":{"footnotes":""},"class_list":["post-3","page","type-page","status-publish","hentry"],"jetpack_sharing_enabled":true,"_links":{"self":[{"href":"https:\/\/ulashome.pl\/index.php?rest_route=\/wp\/v2\/pages\/3","targetHints":{"allow":["GET"]}}],"collection":[{"href":"https:\/\/ulashome.pl\/index.php?rest_route=\/wp\/v2\/pages"}],"about":[{"href":"https:\/\/ulashome.pl\/index.php?rest_route=\/wp\/v2\/types\/page"}],"author":[{"embeddable":true,"href":"https:\/\/ulashome.pl\/index.php?rest_route=\/wp\/v2\/users\/3"}],"replies":[{"embeddable":true,"href":"https:\/\/ulashome.pl\/index.php?rest_route=%2Fwp%2Fv2%2Fcomments&post=3"}],"version-history":[{"count":11,"href":"https:\/\/ulashome.pl\/index.php?rest_route=\/wp\/v2\/pages\/3\/revisions"}],"predecessor-version":[{"id":2001,"href":"https:\/\/ulashome.pl\/index.php?rest_route=\/wp\/v2\/pages\/3\/revisions\/2001"}],"wp:attachment":[{"href":"https:\/\/ulashome.pl\/index.php?rest_route=%2Fwp%2Fv2%2Fmedia&parent=3"}],"curies":[{"name":"wp","href":"https:\/\/api.w.org\/{rel}","templated":true}]}}